{"id":1278,"date":"2023-05-25T08:18:45","date_gmt":"2023-05-25T08:18:45","guid":{"rendered":"https:\/\/www.arnedillo.org\/ermitages\/"},"modified":"2023-09-26T08:50:41","modified_gmt":"2023-09-26T08:50:41","slug":"ermitages","status":"publish","type":"page","link":"https:\/\/www.arnedillo.org\/fr\/patrimoine-culturel\/ermitages\/","title":{"rendered":"Ermitages"},"content":{"rendered":"<p>[et_pb_section fb_built=\u00a0\u00bb1&Prime; _builder_version=\u00a0\u00bb4.21.0&Prime; _module_preset=\u00a0\u00bbdefault\u00a0\u00bb background_color=\u00a0\u00bbrgba(0,0,0,0.25)\u00a0\u00bb background_image=\u00a0\u00bbhttps:\/\/www.arnedillo.org\/wp-content\/uploads\/2023\/05\/10_Arnedillo_ermitas.jpg\u00a0\u00bb background_blend=\u00a0\u00bbmultiply\u00a0\u00bb custom_padding=\u00a0\u00bb60px||60px||false|false\u00a0\u00bb global_colors_info=\u00a0\u00bb{}\u00a0\u00bb][et_pb_row _builder_version=\u00a0\u00bb4.21.0&Prime; _module_preset=\u00a0\u00bbdefault\u00a0\u00bb global_colors_info=\u00a0\u00bb{}\u00a0\u00bb][et_pb_column type=\u00a0\u00bb4_4&Prime; _builder_version=\u00a0\u00bb4.21.0&Prime; _module_preset=\u00a0\u00bbdefault\u00a0\u00bb global_colors_info=\u00a0\u00bb{}\u00a0\u00bb][et_pb_post_title _builder_version=\u00a0\u00bb4.21.0&Prime; _module_preset=\u00a0\u00bbdefault\u00a0\u00bb global_colors_info=\u00a0\u00bb{}\u00a0\u00bb][\/et_pb_post_title][\/et_pb_column][\/et_pb_row][\/et_pb_section][et_pb_section fb_built=\u00a0\u00bb1&Prime; _builder_version=\u00a0\u00bb4.21.0&Prime; _module_preset=\u00a0\u00bbdefault\u00a0\u00bb global_colors_info=\u00a0\u00bb{}\u00a0\u00bb][et_pb_row column_structure=\u00a0\u00bb1_2,1_2&Prime; _builder_version=\u00a0\u00bb4.21.0&Prime; _module_preset=\u00a0\u00bbdefault\u00a0\u00bb global_colors_info=\u00a0\u00bb{}\u00a0\u00bb][et_pb_column type=\u00a0\u00bb1_2&Prime; _builder_version=\u00a0\u00bb4.21.0&Prime; _module_preset=\u00a0\u00bbdefault\u00a0\u00bb global_colors_info=\u00a0\u00bb{}\u00a0\u00bb][et_pb_text _builder_version=\u00a0\u00bb4.21.0&Prime; _module_preset=\u00a0\u00bb9673d2ae-fa11-4a13-8e29-53d12292c770&Prime; global_colors_info=\u00a0\u00bb{}\u00a0\u00bb]<\/p>\n<h2>San Tirso<\/h2>\n<p>[\/et_pb_text][et_pb_text _builder_version=\u00a0\u00bb4.21.0&Prime; _module_preset=\u00a0\u00bbdefault\u00a0\u00bb hover_enabled=\u00a0\u00bb0&Prime; global_colors_info=\u00a0\u00bb{}\u00a0\u00bb sticky_enabled=\u00a0\u00bb0&Prime;]<\/p>\n<p>Grotte artificielle creus\u00e9e dans la roche et de plan irr\u00e9gulier, situ\u00e9e \u00e0 2\u00a0km du village. La fa\u00e7ade a r\u00e9cemment \u00e9t\u00e9 restaur\u00e9e.<\/p>\n<p>\u00c0 l&rsquo;int\u00e9rieur de l&rsquo;ermitage se trouve une tombe dans laquelle gisait un squelette dont la t\u00eate reposait sur une pierre avec une inscription grav\u00e9e datant de l&rsquo;ann\u00e9e de la construction de l&rsquo;ermitage en 869. Actuellement, elle se trouve au Mus\u00e9e dioc\u00e9sain de Calahorra. Elle garde des reliques de Saint Juan l\u2019ap\u00f4tre, de Santiago et de Saint Pedro.<\/p>\n<p>L&rsquo;int\u00e9rieur conserve le logement de l&rsquo;ancien gardien du sanctuaire.<\/p>\n<p>[\/et_pb_text][\/et_pb_column][et_pb_column type=\u00a0\u00bb1_2&Prime; _builder_version=\u00a0\u00bb4.21.0&Prime; _module_preset=\u00a0\u00bbdefault\u00a0\u00bb global_colors_info=\u00a0\u00bb{}\u00a0\u00bb][et_pb_image src=\u00a0\u00bbhttps:\/\/www.arnedillo.org\/wp-content\/uploads\/2023\/05\/10_Arnedillo_ermitas.jpg\u00a0\u00bb title_text=\u00a0\u00bb10_Arnedillo_ermitas\u00a0\u00bb show_in_lightbox=\u00a0\u00bbon\u00a0\u00bb _builder_version=\u00a0\u00bb4.21.0&Prime; _module_preset=\u00a0\u00bbdefault\u00a0\u00bb global_colors_info=\u00a0\u00bb{}\u00a0\u00bb][\/et_pb_image][\/et_pb_column][\/et_pb_row][\/et_pb_section][et_pb_section fb_built=\u00a0\u00bb1&Prime; _builder_version=\u00a0\u00bb4.21.0&Prime; _module_preset=\u00a0\u00bbdefault\u00a0\u00bb background_color=\u00a0\u00bbrgba(234,234,234,0.5)\u00a0\u00bb global_colors_info=\u00a0\u00bb{}\u00a0\u00bb][et_pb_row column_structure=\u00a0\u00bb1_2,1_2&Prime; _builder_version=\u00a0\u00bb4.21.0&Prime; _module_preset=\u00a0\u00bbdefault\u00a0\u00bb global_colors_info=\u00a0\u00bb{}\u00a0\u00bb][et_pb_column type=\u00a0\u00bb1_2&Prime; _builder_version=\u00a0\u00bb4.21.0&Prime; _module_preset=\u00a0\u00bbdefault\u00a0\u00bb global_colors_info=\u00a0\u00bb{}\u00a0\u00bb][et_pb_text _builder_version=\u00a0\u00bb4.21.0&Prime; _module_preset=\u00a0\u00bb9673d2ae-fa11-4a13-8e29-53d12292c770&Prime; global_colors_info=\u00a0\u00bb{}\u00a0\u00bb]<\/p>\n<h2>Pe\u00f1alba<\/h2>\n<p>[\/et_pb_text][et_pb_text _builder_version=\u00a0\u00bb4.21.0&Prime; _module_preset=\u00a0\u00bbdefault\u00a0\u00bb hover_enabled=\u00a0\u00bb0&Prime; global_colors_info=\u00a0\u00bb{}\u00a0\u00bb sticky_enabled=\u00a0\u00bb0&Prime;]<\/p>\n<p>Mozarabe du X<sup>e<\/sup> si\u00e8cle, b\u00e2timent en ma\u00e7onnerie avec deux nefs de deux portions, avec chevet de plan en fer \u00e0 cheval et quatre arcs en plein cintre surgissant d&rsquo;un pilier central arrondi en forme de palmier.<\/p>\n<p>La sculpture de la Vierge se trouve dans la Paroisse.<\/p>\n<p>Elle a \u00e9t\u00e9 d\u00e9sign\u00e9e Bien d&rsquo;int\u00e9r\u00eat culturel par le Gouvernement de La Rioja dans la R\u00e9solution du 13 d\u00e9cembre 1979.<\/p>\n<p>L&rsquo;Ermitage de Notre Dame de Pe\u00f1alba a \u00e9t\u00e9 restaur\u00e9e sous la supervision de la Direction G\u00e9n\u00e9rale du Patrimoine du Gouvernement de La Rioja avec des actions coordonn\u00e9es avec la Mairie d&rsquo;Arnedillo, en 1983, 1996 et 2004.<\/p>\n<p>En janvier 2023 se sont termin\u00e9s les travaux du porche annexe pour am\u00e9lioration, ornement et r\u00e9paration du toit.<\/p>\n<p>[\/et_pb_text][\/et_pb_column][et_pb_column type=\u00a0\u00bb1_2&Prime; _builder_version=\u00a0\u00bb4.21.0&Prime; _module_preset=\u00a0\u00bbdefault\u00a0\u00bb global_colors_info=\u00a0\u00bb{}\u00a0\u00bb][et_pb_image src=\u00a0\u00bbhttps:\/\/www.arnedillo.org\/wp-content\/uploads\/2023\/05\/11_Arnedillo_ermitas.jpg\u00a0\u00bb title_text=\u00a0\u00bb11_Arnedillo_ermitas\u00a0\u00bb show_in_lightbox=\u00a0\u00bbon\u00a0\u00bb _builder_version=\u00a0\u00bb4.21.0&Prime; _module_preset=\u00a0\u00bbdefault\u00a0\u00bb global_colors_info=\u00a0\u00bb{}\u00a0\u00bb][\/et_pb_image][et_pb_text _builder_version=\u00a0\u00bb4.21.0&Prime; _module_preset=\u00a0\u00bbdefault\u00a0\u00bb global_colors_info=\u00a0\u00bb{}\u00a0\u00bb]<\/p>\n<p>Vues panoramiques de l&rsquo;ext\u00e9rieur sur la Vall\u00e9e de la rivi\u00e8re Cidacos.<\/p>\n<p>[\/et_pb_text][\/et_pb_column][\/et_pb_row][\/et_pb_section][et_pb_section fb_built=\u00a0\u00bb1&Prime; _builder_version=\u00a0\u00bb4.21.0&Prime; _module_preset=\u00a0\u00bbdefault\u00a0\u00bb global_colors_info=\u00a0\u00bb{}\u00a0\u00bb][et_pb_row column_structure=\u00a0\u00bb1_2,1_2&Prime; _builder_version=\u00a0\u00bb4.21.0&Prime; _module_preset=\u00a0\u00bbdefault\u00a0\u00bb global_colors_info=\u00a0\u00bb{}\u00a0\u00bb][et_pb_column type=\u00a0\u00bb1_2&Prime; _builder_version=\u00a0\u00bb4.21.0&Prime; _module_preset=\u00a0\u00bbdefault\u00a0\u00bb global_colors_info=\u00a0\u00bb{}\u00a0\u00bb][et_pb_text _builder_version=\u00a0\u00bb4.21.0&Prime; _module_preset=\u00a0\u00bb9673d2ae-fa11-4a13-8e29-53d12292c770&Prime; global_colors_info=\u00a0\u00bb{}\u00a0\u00bb]<\/p>\n<h2>Virgen de La Torre<\/h2>\n<p>[\/et_pb_text][et_pb_text _builder_version=\u00a0\u00bb4.21.0&Prime; _module_preset=\u00a0\u00bbdefault\u00a0\u00bb hover_enabled=\u00a0\u00bb0&Prime; global_colors_info=\u00a0\u00bb{}\u00a0\u00bb sticky_enabled=\u00a0\u00bb0&Prime;]<\/p>\n<p>B\u00e2timent du XVI<sup>e<\/sup> si\u00e8cle, construit en briques et de plan rectangulaire, reconstruit post\u00e9rieurement. Retable roman des d\u00e9buts du XVII<sup>e<\/sup> avec les sculptures gothiques du XIV<sup>e<\/sup> si\u00e8cle de laTitulaire, la Vierge de la Torre avec l&rsquo;Enfant, Saint Bartolom\u00e9, Saint Jos\u00e9 et Sainte Barbara.<\/p>\n<p>Des deux c\u00f4t\u00e9s de l&rsquo;autel se trouvent les ic\u00f4nes des patrons des anciens villages d&rsquo;Arnedillo\u00a0: Saint Sebasti\u00e1n, de Peroblasco, du XVI<sup>e<\/sup> si\u00e8cle, et Sainte Luc\u00eda, d\u2019Anto\u00f1anzas, du XVI<sup>e<\/sup> si\u00e8cle.<\/p>\n<p>Il est possible que la Vierge ait \u00e9t\u00e9 dans une tour de surveillance, d&rsquo;o\u00f9 son nom.<\/p>\n<p>[\/et_pb_text][\/et_pb_column][et_pb_column type=\u00a0\u00bb1_2&Prime; _builder_version=\u00a0\u00bb4.21.0&Prime; _module_preset=\u00a0\u00bbdefault\u00a0\u00bb global_colors_info=\u00a0\u00bb{}\u00a0\u00bb][et_pb_image src=\u00a0\u00bbhttps:\/\/www.arnedillo.org\/wp-content\/uploads\/2023\/05\/12_Arnedillo_ermitas.jpg\u00a0\u00bb title_text=\u00a0\u00bb12_Arnedillo_ermitas\u00a0\u00bb show_in_lightbox=\u00a0\u00bbon\u00a0\u00bb _builder_version=\u00a0\u00bb4.21.0&Prime; _module_preset=\u00a0\u00bbdefault\u00a0\u00bb global_colors_info=\u00a0\u00bb{}\u00a0\u00bb][\/et_pb_image][\/et_pb_column][\/et_pb_row][\/et_pb_section][et_pb_section fb_built=\u00a0\u00bb1&Prime; _builder_version=\u00a0\u00bb4.21.0&Prime; _module_preset=\u00a0\u00bbdefault\u00a0\u00bb background_color=\u00a0\u00bbrgba(234,234,234,0.5)\u00a0\u00bb global_colors_info=\u00a0\u00bb{}\u00a0\u00bb][et_pb_row column_structure=\u00a0\u00bb1_2,1_2&Prime; _builder_version=\u00a0\u00bb4.21.0&Prime; _module_preset=\u00a0\u00bbdefault\u00a0\u00bb global_colors_info=\u00a0\u00bb{}\u00a0\u00bb][et_pb_column type=\u00a0\u00bb1_2&Prime; _builder_version=\u00a0\u00bb4.21.0&Prime; _module_preset=\u00a0\u00bbdefault\u00a0\u00bb global_colors_info=\u00a0\u00bb{}\u00a0\u00bb][et_pb_text _builder_version=\u00a0\u00bb4.21.0&Prime; _module_preset=\u00a0\u00bb9673d2ae-fa11-4a13-8e29-53d12292c770&Prime; global_colors_info=\u00a0\u00bb{}\u00a0\u00bb]<\/p>\n<h2>Saint Andr\u00e9s et Saint Bl\u00e1s<\/h2>\n<p>[\/et_pb_text][et_pb_text _builder_version=\u00a0\u00bb4.21.0&Prime; _module_preset=\u00a0\u00bbdefault\u00a0\u00bb hover_enabled=\u00a0\u00bb0&Prime; global_colors_info=\u00a0\u00bb{}\u00a0\u00bb sticky_enabled=\u00a0\u00bb0&Prime;]<\/p>\n<p>B\u00e2timent baroque du XVIII<sup>e<\/sup> si\u00e8cle, fait en ma\u00e7onnerie en plan rectangulaire.<\/p>\n<p>Petit retable rococo, 1770, avec l&rsquo;ic\u00f4ne du Titulaire Saint Andr\u00e9s. Sculpture romane des d\u00e9buts du XVII<sup>e<\/sup> si\u00e8cle, de 90\u00a0cm de hauteur.<\/p>\n<p>[\/et_pb_text][\/et_pb_column][et_pb_column type=\u00a0\u00bb1_2&Prime; _builder_version=\u00a0\u00bb4.21.0&Prime; _module_preset=\u00a0\u00bbdefault\u00a0\u00bb global_colors_info=\u00a0\u00bb{}\u00a0\u00bb][et_pb_image src=\u00a0\u00bbhttps:\/\/www.arnedillo.org\/wp-content\/uploads\/2023\/05\/13_Arnedillo_ermitas.jpg\u00a0\u00bb title_text=\u00a0\u00bb13_Arnedillo_ermitas\u00a0\u00bb show_in_lightbox=\u00a0\u00bbon\u00a0\u00bb _builder_version=\u00a0\u00bb4.21.0&Prime; _module_preset=\u00a0\u00bbdefault\u00a0\u00bb global_colors_info=\u00a0\u00bb{}\u00a0\u00bb][\/et_pb_image][\/et_pb_column][\/et_pb_row][\/et_pb_section][et_pb_section fb_built=\u00a0\u00bb1&Prime; _builder_version=\u00a0\u00bb4.21.0&Prime; _module_preset=\u00a0\u00bbdefault\u00a0\u00bb global_colors_info=\u00a0\u00bb{}\u00a0\u00bb][et_pb_row column_structure=\u00a0\u00bb1_2,1_2&Prime; _builder_version=\u00a0\u00bb4.21.0&Prime; _module_preset=\u00a0\u00bbdefault\u00a0\u00bb global_colors_info=\u00a0\u00bb{}\u00a0\u00bb][et_pb_column type=\u00a0\u00bb1_2&Prime; _builder_version=\u00a0\u00bb4.21.0&Prime; _module_preset=\u00a0\u00bbdefault\u00a0\u00bb global_colors_info=\u00a0\u00bb{}\u00a0\u00bb][et_pb_text _builder_version=\u00a0\u00bb4.21.0&Prime; _module_preset=\u00a0\u00bb9673d2ae-fa11-4a13-8e29-53d12292c770&Prime; global_colors_info=\u00a0\u00bb{}\u00a0\u00bb]<\/p>\n<h2>Saint Miguel<\/h2>\n<p>[\/et_pb_text][et_pb_text _builder_version=\u00a0\u00bb4.21.0&Prime; _module_preset=\u00a0\u00bbdefault\u00a0\u00bb global_colors_info=\u00a0\u00bb{}\u00a0\u00bb]<\/p>\n<p>Reconstruite sur le lieu o\u00f9 se trouvait l&rsquo;ancien ermitage, XVI<sup>e<\/sup> si\u00e8cle. Des tombeaux haut-m\u00e9di\u00e9vaux ont \u00e9t\u00e9 creus\u00e9s dans la roche aux alentours.<\/p>\n<p>Sculpture de Saint Miguel de la fin du XVI<sup>e<\/sup> si\u00e8cle.<\/p>\n<p>[\/et_pb_text][\/et_pb_column][et_pb_column type=\u00a0\u00bb1_2&Prime; _builder_version=\u00a0\u00bb4.21.0&Prime; _module_preset=\u00a0\u00bbdefault\u00a0\u00bb global_colors_info=\u00a0\u00bb{}\u00a0\u00bb][et_pb_image src=\u00a0\u00bbhttps:\/\/www.arnedillo.org\/wp-content\/uploads\/2023\/05\/14_Arnedillo_ermitas.jpg\u00a0\u00bb title_text=\u00a0\u00bb14_Arnedillo_ermitas\u00a0\u00bb show_in_lightbox=\u00a0\u00bbon\u00a0\u00bb _builder_version=\u00a0\u00bb4.21.0&Prime; _module_preset=\u00a0\u00bbdefault\u00a0\u00bb global_colors_info=\u00a0\u00bb{}\u00a0\u00bb][\/et_pb_image][\/et_pb_column][\/et_pb_row][\/et_pb_section][et_pb_section fb_built=\u00a0\u00bb1&Prime; _builder_version=\u00a0\u00bb4.21.0&Prime; _module_preset=\u00a0\u00bbdefault\u00a0\u00bb background_color=\u00a0\u00bbrgba(234,234,234,0.5)\u00a0\u00bb global_colors_info=\u00a0\u00bb{}\u00a0\u00bb][et_pb_row column_structure=\u00a0\u00bb1_2,1_2&Prime; _builder_version=\u00a0\u00bb4.21.0&Prime; _module_preset=\u00a0\u00bbdefault\u00a0\u00bb global_colors_info=\u00a0\u00bb{}\u00a0\u00bb][et_pb_column type=\u00a0\u00bb1_2&Prime; _builder_version=\u00a0\u00bb4.21.0&Prime; _module_preset=\u00a0\u00bbdefault\u00a0\u00bb global_colors_info=\u00a0\u00bb{}\u00a0\u00bb][et_pb_text _builder_version=\u00a0\u00bb4.21.0&Prime; _module_preset=\u00a0\u00bb9673d2ae-fa11-4a13-8e29-53d12292c770&Prime; global_colors_info=\u00a0\u00bb{}\u00a0\u00bb]<\/p>\n<h2>Santiago<\/h2>\n<p>[\/et_pb_text][et_pb_text _builder_version=\u00a0\u00bb4.21.0&Prime; _module_preset=\u00a0\u00bbdefault\u00a0\u00bb global_colors_info=\u00a0\u00bb{}\u00a0\u00bb]<\/p>\n<p>Construction moderne qui remplace l&rsquo;ancien ermitage.<\/p>\n<p>Ic\u00f4ne de Santiago \u00e0 cheval, XVII<sup>e<\/sup> si\u00e8cle.<\/p>\n<p>[\/et_pb_text][\/et_pb_column][et_pb_column type=\u00a0\u00bb1_2&Prime; _builder_version=\u00a0\u00bb4.21.0&Prime; _module_preset=\u00a0\u00bbdefault\u00a0\u00bb global_colors_info=\u00a0\u00bb{}\u00a0\u00bb][et_pb_image src=\u00a0\u00bbhttps:\/\/www.arnedillo.org\/wp-content\/uploads\/2023\/05\/15_Arnedillo_ermitas.jpg\u00a0\u00bb title_text=\u00a0\u00bb15_Arnedillo_ermitas\u00a0\u00bb show_in_lightbox=\u00a0\u00bbon\u00a0\u00bb _builder_version=\u00a0\u00bb4.21.0&Prime; _module_preset=\u00a0\u00bbdefault\u00a0\u00bb global_colors_info=\u00a0\u00bb{}\u00a0\u00bb][\/et_pb_image][\/et_pb_column][\/et_pb_row][\/et_pb_section][et_pb_section fb_built=\u00a0\u00bb1&Prime; _builder_version=\u00a0\u00bb4.21.0&Prime; _module_preset=\u00a0\u00bbdefault\u00a0\u00bb global_colors_info=\u00a0\u00bb{}\u00a0\u00bb][et_pb_row column_structure=\u00a0\u00bb1_2,1_2&Prime; _builder_version=\u00a0\u00bb4.21.0&Prime; _module_preset=\u00a0\u00bbdefault\u00a0\u00bb global_colors_info=\u00a0\u00bb{}\u00a0\u00bb][et_pb_column type=\u00a0\u00bb1_2&Prime; _builder_version=\u00a0\u00bb4.21.0&Prime; _module_preset=\u00a0\u00bbdefault\u00a0\u00bb global_colors_info=\u00a0\u00bb{}\u00a0\u00bb][et_pb_text _builder_version=\u00a0\u00bb4.21.0&Prime; _module_preset=\u00a0\u00bb9673d2ae-fa11-4a13-8e29-53d12292c770&Prime; global_colors_info=\u00a0\u00bb{}\u00a0\u00bb]<\/p>\n<h2>Saint Zoilo<\/h2>\n<p>[\/et_pb_text][et_pb_text _builder_version=\u00a0\u00bb4.21.0&Prime; _module_preset=\u00a0\u00bbdefault\u00a0\u00bb global_colors_info=\u00a0\u00bb{}\u00a0\u00bb]<\/p>\n<p>Il se trouve au premier \u00e9tage du b\u00e2timent principal du spa thermal. Il est d\u00e9di\u00e9 \u00e0 Saint Zoilo, un des premiers martyrs cordouans, de famille noble et chr\u00e9tienne, en faisant foi, ce pourquoi il a \u00e9t\u00e9, avec d&rsquo;autres compagnons, pers\u00e9cut\u00e9 au III<sup>e<\/sup> si\u00e8cle.<\/p>\n<p>[\/et_pb_text][\/et_pb_column][et_pb_column type=\u00a0\u00bb1_2&Prime; _builder_version=\u00a0\u00bb4.21.0&Prime; _module_preset=\u00a0\u00bbdefault\u00a0\u00bb global_colors_info=\u00a0\u00bb{}\u00a0\u00bb][et_pb_image src=\u00a0\u00bbhttps:\/\/www.arnedillo.org\/wp-content\/uploads\/2023\/07\/San_Zoilo.jpg\u00a0\u00bb title_text=\u00a0\u00bbSaint Zoilo\u00a0\u00bb show_in_lightbox=\u00a0\u00bbon\u00a0\u00bb _builder_version=\u00a0\u00bb4.21.0&Prime; _module_preset=\u00a0\u00bbdefault\u00a0\u00bb global_colors_info=\u00a0\u00bb{}\u00a0\u00bb][\/et_pb_image][\/et_pb_column][\/et_pb_row][\/et_pb_section]<\/p>\n","protected":false},"excerpt":{"rendered":"<p>San TirsoGrotte artificielle creus\u00e9e dans la roche et de plan irr\u00e9gulier, situ\u00e9e \u00e0 2\u00a0km du village. La fa\u00e7ade a r\u00e9cemment \u00e9t\u00e9 restaur\u00e9e. \u00c0 l&rsquo;int\u00e9rieur de l&rsquo;ermitage se trouve une tombe [&hellip;]<\/p>\n","protected":false},"author":1,"featured_media":0,"parent":1302,"menu_order":0,"comment_status":"closed","ping_status":"closed","template":"","meta":{"_et_pb_use_builder":"on","_et_pb_old_content":"","_et_gb_content_width":"","_monsterinsights_skip_tracking":false,"_monsterinsights_sitenote_active":false,"_monsterinsights_sitenote_note":"","_monsterinsights_sitenote_category":0,"footnotes":""},"class_list":["post-1278","page","type-page","status-publish","hentry"],"yoast_head":"<!-- This site is optimized with the Yoast SEO plugin v27.4 - https:\/\/yoast.com\/product\/yoast-seo-wordpress\/ -->\n<title>Ermitages - Ayuntamiento de Arnedillo - La Rioja<\/title>\n<meta name=\"robots\" content=\"index, follow, max-snippet:-1, max-image-preview:large, max-video-preview:-1\" \/>\n<link rel=\"canonical\" href=\"https:\/\/www.arnedillo.org\/fr\/patrimoine-culturel\/ermitages\/\" \/>\n<meta property=\"og:locale\" content=\"fr_FR\" \/>\n<meta property=\"og:type\" content=\"article\" \/>\n<meta property=\"og:title\" content=\"Ermitages - Ayuntamiento de Arnedillo - La Rioja\" \/>\n<meta property=\"og:description\" content=\"San TirsoGrotte artificielle creus\u00e9e dans la roche et de plan irr\u00e9gulier, situ\u00e9e \u00e0 2\u00a0km du village. La fa\u00e7ade a r\u00e9cemment \u00e9t\u00e9 restaur\u00e9e. \u00c0 l&#039;int\u00e9rieur de l&#039;ermitage se trouve une tombe [&hellip;]\" \/>\n<meta property=\"og:url\" content=\"https:\/\/www.arnedillo.org\/fr\/patrimoine-culturel\/ermitages\/\" \/>\n<meta property=\"og:site_name\" content=\"Ayuntamiento de Arnedillo - La Rioja\" \/>\n<meta property=\"article:modified_time\" content=\"2023-09-26T08:50:41+00:00\" \/>\n<meta name=\"twitter:card\" content=\"summary_large_image\" \/>\n<meta name=\"twitter:label1\" content=\"Dur\u00e9e de lecture estim\u00e9e\" \/>\n\t<meta name=\"twitter:data1\" content=\"8 minutes\" \/>\n<script type=\"application\/ld+json\" class=\"yoast-schema-graph\">{\"@context\":\"https:\\\/\\\/schema.org\",\"@graph\":[{\"@type\":\"WebPage\",\"@id\":\"https:\\\/\\\/www.arnedillo.org\\\/fr\\\/patrimoine-culturel\\\/ermitages\\\/\",\"url\":\"https:\\\/\\\/www.arnedillo.org\\\/fr\\\/patrimoine-culturel\\\/ermitages\\\/\",\"name\":\"Ermitages - Ayuntamiento de Arnedillo - La Rioja\",\"isPartOf\":{\"@id\":\"https:\\\/\\\/www.arnedillo.org\\\/fr\\\/#website\"},\"datePublished\":\"2023-05-25T08:18:45+00:00\",\"dateModified\":\"2023-09-26T08:50:41+00:00\",\"breadcrumb\":{\"@id\":\"https:\\\/\\\/www.arnedillo.org\\\/fr\\\/patrimoine-culturel\\\/ermitages\\\/#breadcrumb\"},\"inLanguage\":\"fr-FR\",\"potentialAction\":[{\"@type\":\"ReadAction\",\"target\":[\"https:\\\/\\\/www.arnedillo.org\\\/fr\\\/patrimoine-culturel\\\/ermitages\\\/\"]}]},{\"@type\":\"BreadcrumbList\",\"@id\":\"https:\\\/\\\/www.arnedillo.org\\\/fr\\\/patrimoine-culturel\\\/ermitages\\\/#breadcrumb\",\"itemListElement\":[{\"@type\":\"ListItem\",\"position\":1,\"name\":\"Portada\",\"item\":\"https:\\\/\\\/www.arnedillo.org\\\/fr\\\/\"},{\"@type\":\"ListItem\",\"position\":2,\"name\":\"Ermitages\"}]},{\"@type\":\"WebSite\",\"@id\":\"https:\\\/\\\/www.arnedillo.org\\\/fr\\\/#website\",\"url\":\"https:\\\/\\\/www.arnedillo.org\\\/fr\\\/\",\"name\":\"Ayuntamiento de Arnedillo - La Rioja\",\"description\":\"\",\"publisher\":{\"@id\":\"https:\\\/\\\/www.arnedillo.org\\\/fr\\\/#organization\"},\"potentialAction\":[{\"@type\":\"SearchAction\",\"target\":{\"@type\":\"EntryPoint\",\"urlTemplate\":\"https:\\\/\\\/www.arnedillo.org\\\/fr\\\/?s={search_term_string}\"},\"query-input\":{\"@type\":\"PropertyValueSpecification\",\"valueRequired\":true,\"valueName\":\"search_term_string\"}}],\"inLanguage\":\"fr-FR\"},{\"@type\":\"Organization\",\"@id\":\"https:\\\/\\\/www.arnedillo.org\\\/fr\\\/#organization\",\"name\":\"Ayuntamiento de Arnedillo - La Rioja\",\"url\":\"https:\\\/\\\/www.arnedillo.org\\\/fr\\\/\",\"logo\":{\"@type\":\"ImageObject\",\"inLanguage\":\"fr-FR\",\"@id\":\"https:\\\/\\\/www.arnedillo.org\\\/fr\\\/#\\\/schema\\\/logo\\\/image\\\/\",\"url\":\"https:\\\/\\\/www.arnedillo.org\\\/wp-content\\\/uploads\\\/2023\\\/04\\\/logo.svg\",\"contentUrl\":\"https:\\\/\\\/www.arnedillo.org\\\/wp-content\\\/uploads\\\/2023\\\/04\\\/logo.svg\",\"width\":100,\"height\":100,\"caption\":\"Ayuntamiento de Arnedillo - La Rioja\"},\"image\":{\"@id\":\"https:\\\/\\\/www.arnedillo.org\\\/fr\\\/#\\\/schema\\\/logo\\\/image\\\/\"}}]}<\/script>\n<!-- \/ Yoast SEO plugin. -->","yoast_head_json":{"title":"Ermitages - Ayuntamiento de Arnedillo - La Rioja","robots":{"index":"index","follow":"follow","max-snippet":"max-snippet:-1","max-image-preview":"max-image-preview:large","max-video-preview":"max-video-preview:-1"},"canonical":"https:\/\/www.arnedillo.org\/fr\/patrimoine-culturel\/ermitages\/","og_locale":"fr_FR","og_type":"article","og_title":"Ermitages - Ayuntamiento de Arnedillo - La Rioja","og_description":"San TirsoGrotte artificielle creus\u00e9e dans la roche et de plan irr\u00e9gulier, situ\u00e9e \u00e0 2\u00a0km du village. La fa\u00e7ade a r\u00e9cemment \u00e9t\u00e9 restaur\u00e9e. \u00c0 l'int\u00e9rieur de l'ermitage se trouve une tombe [&hellip;]","og_url":"https:\/\/www.arnedillo.org\/fr\/patrimoine-culturel\/ermitages\/","og_site_name":"Ayuntamiento de Arnedillo - La Rioja","article_modified_time":"2023-09-26T08:50:41+00:00","twitter_card":"summary_large_image","twitter_misc":{"Dur\u00e9e de lecture estim\u00e9e":"8 minutes"},"schema":{"@context":"https:\/\/schema.org","@graph":[{"@type":"WebPage","@id":"https:\/\/www.arnedillo.org\/fr\/patrimoine-culturel\/ermitages\/","url":"https:\/\/www.arnedillo.org\/fr\/patrimoine-culturel\/ermitages\/","name":"Ermitages - Ayuntamiento de Arnedillo - La Rioja","isPartOf":{"@id":"https:\/\/www.arnedillo.org\/fr\/#website"},"datePublished":"2023-05-25T08:18:45+00:00","dateModified":"2023-09-26T08:50:41+00:00","breadcrumb":{"@id":"https:\/\/www.arnedillo.org\/fr\/patrimoine-culturel\/ermitages\/#breadcrumb"},"inLanguage":"fr-FR","potentialAction":[{"@type":"ReadAction","target":["https:\/\/www.arnedillo.org\/fr\/patrimoine-culturel\/ermitages\/"]}]},{"@type":"BreadcrumbList","@id":"https:\/\/www.arnedillo.org\/fr\/patrimoine-culturel\/ermitages\/#breadcrumb","itemListElement":[{"@type":"ListItem","position":1,"name":"Portada","item":"https:\/\/www.arnedillo.org\/fr\/"},{"@type":"ListItem","position":2,"name":"Ermitages"}]},{"@type":"WebSite","@id":"https:\/\/www.arnedillo.org\/fr\/#website","url":"https:\/\/www.arnedillo.org\/fr\/","name":"Ayuntamiento de Arnedillo - La Rioja","description":"","publisher":{"@id":"https:\/\/www.arnedillo.org\/fr\/#organization"},"potentialAction":[{"@type":"SearchAction","target":{"@type":"EntryPoint","urlTemplate":"https:\/\/www.arnedillo.org\/fr\/?s={search_term_string}"},"query-input":{"@type":"PropertyValueSpecification","valueRequired":true,"valueName":"search_term_string"}}],"inLanguage":"fr-FR"},{"@type":"Organization","@id":"https:\/\/www.arnedillo.org\/fr\/#organization","name":"Ayuntamiento de Arnedillo - La Rioja","url":"https:\/\/www.arnedillo.org\/fr\/","logo":{"@type":"ImageObject","inLanguage":"fr-FR","@id":"https:\/\/www.arnedillo.org\/fr\/#\/schema\/logo\/image\/","url":"https:\/\/www.arnedillo.org\/wp-content\/uploads\/2023\/04\/logo.svg","contentUrl":"https:\/\/www.arnedillo.org\/wp-content\/uploads\/2023\/04\/logo.svg","width":100,"height":100,"caption":"Ayuntamiento de Arnedillo - La Rioja"},"image":{"@id":"https:\/\/www.arnedillo.org\/fr\/#\/schema\/logo\/image\/"}}]}},"_links":{"self":[{"href":"https:\/\/www.arnedillo.org\/fr\/wp-json\/wp\/v2\/pages\/1278","targetHints":{"allow":["GET"]}}],"collection":[{"href":"https:\/\/www.arnedillo.org\/fr\/wp-json\/wp\/v2\/pages"}],"about":[{"href":"https:\/\/www.arnedillo.org\/fr\/wp-json\/wp\/v2\/types\/page"}],"author":[{"embeddable":true,"href":"https:\/\/www.arnedillo.org\/fr\/wp-json\/wp\/v2\/users\/1"}],"replies":[{"embeddable":true,"href":"https:\/\/www.arnedillo.org\/fr\/wp-json\/wp\/v2\/comments?post=1278"}],"version-history":[{"count":4,"href":"https:\/\/www.arnedillo.org\/fr\/wp-json\/wp\/v2\/pages\/1278\/revisions"}],"predecessor-version":[{"id":1282,"href":"https:\/\/www.arnedillo.org\/fr\/wp-json\/wp\/v2\/pages\/1278\/revisions\/1282"}],"up":[{"embeddable":true,"href":"https:\/\/www.arnedillo.org\/fr\/wp-json\/wp\/v2\/pages\/1302"}],"wp:attachment":[{"href":"https:\/\/www.arnedillo.org\/fr\/wp-json\/wp\/v2\/media?parent=1278"}],"curies":[{"name":"wp","href":"https:\/\/api.w.org\/{rel}","templated":true}]}}