{"id":1284,"date":"2023-05-25T08:33:41","date_gmt":"2023-05-25T08:33:41","guid":{"rendered":"https:\/\/www.arnedillo.org\/grottes-de-lajedrezado\/"},"modified":"2023-09-26T08:53:04","modified_gmt":"2023-09-26T08:53:04","slug":"grottes-de-lajedrezado","status":"publish","type":"page","link":"https:\/\/www.arnedillo.org\/fr\/patrimoine-culturel\/grottes-de-lajedrezado\/","title":{"rendered":"Grottes de l&rsquo;Ajedrezado"},"content":{"rendered":"<p>[et_pb_section fb_built=\u00a0\u00bb1&Prime; _builder_version=\u00a0\u00bb4.21.0&Prime; _module_preset=\u00a0\u00bbdefault\u00a0\u00bb background_color=\u00a0\u00bbrgba(0,0,0,0.25)\u00a0\u00bb background_image=\u00a0\u00bbhttps:\/\/www.arnedillo.org\/wp-content\/uploads\/2023\/05\/17_Arnedillo_Cuevas_del_Ajedrezado.jpg\u00a0\u00bb background_blend=\u00a0\u00bbmultiply\u00a0\u00bb custom_padding=\u00a0\u00bb60px||60px||false|false\u00a0\u00bb global_colors_info=\u00a0\u00bb{}\u00a0\u00bb][et_pb_row _builder_version=\u00a0\u00bb4.21.0&Prime; _module_preset=\u00a0\u00bbdefault\u00a0\u00bb global_colors_info=\u00a0\u00bb{}\u00a0\u00bb][et_pb_column type=\u00a0\u00bb4_4&Prime; _builder_version=\u00a0\u00bb4.21.0&Prime; _module_preset=\u00a0\u00bbdefault\u00a0\u00bb global_colors_info=\u00a0\u00bb{}\u00a0\u00bb][et_pb_post_title _builder_version=\u00a0\u00bb4.21.0&Prime; _module_preset=\u00a0\u00bbdefault\u00a0\u00bb global_colors_info=\u00a0\u00bb{}\u00a0\u00bb][\/et_pb_post_title][\/et_pb_column][\/et_pb_row][\/et_pb_section][et_pb_section fb_built=\u00a0\u00bb1&Prime; _builder_version=\u00a0\u00bb4.21.0&Prime; _module_preset=\u00a0\u00bbdefault\u00a0\u00bb global_colors_info=\u00a0\u00bb{}\u00a0\u00bb][et_pb_row column_structure=\u00a0\u00bb1_2,1_2&Prime; _builder_version=\u00a0\u00bb4.21.0&Prime; _module_preset=\u00a0\u00bbdefault\u00a0\u00bb global_colors_info=\u00a0\u00bb{}\u00a0\u00bb][et_pb_column type=\u00a0\u00bb1_2&Prime; _builder_version=\u00a0\u00bb4.21.0&Prime; _module_preset=\u00a0\u00bbdefault\u00a0\u00bb global_colors_info=\u00a0\u00bb{}\u00a0\u00bb][et_pb_text _builder_version=\u00a0\u00bb4.21.0&Prime; _module_preset=\u00a0\u00bbdefault\u00a0\u00bb hover_enabled=\u00a0\u00bb0&Prime; global_colors_info=\u00a0\u00bb{}\u00a0\u00bb sticky_enabled=\u00a0\u00bb0&Prime;]<\/p>\n<p>Les grottes de l&rsquo;Ajedrezado\u00a0sont un endroit d&rsquo;une grande valeur culturelle et historique de la vall\u00e9e du Cidacos. Situ\u00e9es sur la partie haute de la commune, sur une saillie naturelle de la montagne, elles ont eu plusieurs utilisations dans le pass\u00e9. Certains chercheurs soutiennent qu&rsquo;elles seraient un ensemble \u00e9r\u00e9mitique rupestre haut-m\u00e9di\u00e9val ; d&rsquo;autres sources disent qu&rsquo;elles \u00e9taient utilis\u00e9es pour l&rsquo;\u00e9levage de pigeons, tant pour la viande des pigeonneaux que pour les fientes qui, m\u00e9lang\u00e9es \u00e0 de la paille, font un engrais excellent.<\/p>\n<p>[\/et_pb_text][et_pb_text _builder_version=\u00a0\u00bb4.21.0&Prime; _module_preset=\u00a0\u00bb9673d2ae-fa11-4a13-8e29-53d12292c770&Prime; global_colors_info=\u00a0\u00bb{}\u00a0\u00bb]<\/p>\n<h2>Acc\u00e8s :<\/h2>\n<p>[\/et_pb_text][et_pb_text _builder_version=\u00a0\u00bb4.21.0&Prime; _module_preset=\u00a0\u00bbdefault\u00a0\u00bb hover_enabled=\u00a0\u00bb0&Prime; global_colors_info=\u00a0\u00bb{}\u00a0\u00bb sticky_enabled=\u00a0\u00bb0&Prime;]<\/p>\n<p>Prendre la route LR-115 direction Arnedo. Apr\u00e8s 4\u00a0km, une fois \u00e0 Santa Eulalia Somera, monter par le che\u00admin goudronn\u00e9 \u00e0 droite apr\u00e8s l&rsquo;abribus, traverser le pont \u00e0 gauche, continuer 100\u00a0m et monter \u00e0 piedjusque la Grotte de l&rsquo;Ajedrezado (200\u00a0m).<\/p>\n<p>La Grotte de l&rsquo;Ajedrezado fait partie d&rsquo;un ensemble \u00e9r\u00e9mitique rupestre haut-m\u00e9di\u00e9val. \u00c0 l&rsquo;int\u00e9rieur, ressortent les alc\u00f4ves creus\u00e9es, du sol au plafond, formant un damier presque parfait.<\/p>\n<p>[\/et_pb_text][\/et_pb_column][et_pb_column type=\u00a0\u00bb1_2&Prime; _builder_version=\u00a0\u00bb4.21.0&Prime; _module_preset=\u00a0\u00bbdefault\u00a0\u00bb global_colors_info=\u00a0\u00bb{}\u00a0\u00bb][et_pb_image src=\u00a0\u00bbhttps:\/\/www.arnedillo.org\/wp-content\/uploads\/2023\/05\/17_Arnedillo_Cuevas_del_Ajedrezado.jpg\u00a0\u00bb title_text=\u00a0\u00bb17_Arnedillo_Cuevas_del_Ajedrezado\u00a0\u00bb show_in_lightbox=\u00a0\u00bbon\u00a0\u00bb _builder_version=\u00a0\u00bb4.21.0&Prime; _module_preset=\u00a0\u00bbdefault\u00a0\u00bb global_colors_info=\u00a0\u00bb{}\u00a0\u00bb][\/et_pb_image][\/et_pb_column][\/et_pb_row][et_pb_row column_structure=\u00a0\u00bb1_2,1_2&Prime; make_equal=\u00a0\u00bbon\u00a0\u00bb _builder_version=\u00a0\u00bb4.21.0&Prime; _module_preset=\u00a0\u00bbdefault\u00a0\u00bb global_colors_info=\u00a0\u00bb{}\u00a0\u00bb][et_pb_column type=\u00a0\u00bb1_2&Prime; _builder_version=\u00a0\u00bb4.21.0&Prime; _module_preset=\u00a0\u00bbdefault\u00a0\u00bb background_color=\u00a0\u00bb#eaeaea\u00a0\u00bb custom_padding=\u00a0\u00bb30px|30px|30px|30px|false|false\u00a0\u00bb global_colors_info=\u00a0\u00bb{}\u00a0\u00bb][et_pb_text _builder_version=\u00a0\u00bb4.21.0&Prime; _module_preset=\u00a0\u00bbdefault\u00a0\u00bb global_colors_info=\u00a0\u00bb{}\u00a0\u00bb]<\/p>\n<h2>Horaires :<\/h2>\n<p>Dimanche : 11h00-12h00-13h00.<\/p>\n<p>[\/et_pb_text][\/et_pb_column][et_pb_column type=\u00a0\u00bb1_2&Prime; _builder_version=\u00a0\u00bb4.21.0&Prime; _module_preset=\u00a0\u00bbdefault\u00a0\u00bb background_color=\u00a0\u00bb#eaeaea\u00a0\u00bb custom_padding=\u00a0\u00bb30px|30px|30px|30px|false|false\u00a0\u00bb global_colors_info=\u00a0\u00bb{}\u00a0\u00bb][et_pb_text _builder_version=\u00a0\u00bb4.21.0&Prime; _module_preset=\u00a0\u00bbdefault\u00a0\u00bb global_colors_info=\u00a0\u00bb{}\u00a0\u00bb]<\/p>\n<h2>R\u00e9servations aux :<\/h2>\n<p>(+34) 941394226\/(+34) 669576090<\/p>\n<p>[\/et_pb_text][\/et_pb_column][\/et_pb_row][\/et_pb_section]<\/p>\n","protected":false},"excerpt":{"rendered":"<p>Les grottes de l&rsquo;Ajedrezado\u00a0sont un endroit d&rsquo;une grande valeur culturelle et historique de la vall\u00e9e du Cidacos. Situ\u00e9es sur la partie haute de la commune, sur une saillie naturelle de [&hellip;]<\/p>\n","protected":false},"author":1,"featured_media":0,"parent":1302,"menu_order":0,"comment_status":"closed","ping_status":"closed","template":"","meta":{"_et_pb_use_builder":"on","_et_pb_old_content":"","_et_gb_content_width":"","_monsterinsights_skip_tracking":false,"_monsterinsights_sitenote_active":false,"_monsterinsights_sitenote_note":"","_monsterinsights_sitenote_category":0,"footnotes":""},"class_list":["post-1284","page","type-page","status-publish","hentry"],"yoast_head":"<!-- This site is optimized with the Yoast SEO plugin v27.4 - https:\/\/yoast.com\/product\/yoast-seo-wordpress\/ -->\n<title>Grottes de l&#039;Ajedrezado - Ayuntamiento de Arnedillo - La Rioja<\/title>\n<meta name=\"robots\" content=\"index, follow, max-snippet:-1, max-image-preview:large, max-video-preview:-1\" \/>\n<link rel=\"canonical\" href=\"https:\/\/www.arnedillo.org\/fr\/patrimoine-culturel\/grottes-de-lajedrezado\/\" \/>\n<meta property=\"og:locale\" content=\"fr_FR\" \/>\n<meta property=\"og:type\" content=\"article\" \/>\n<meta property=\"og:title\" content=\"Grottes de l&#039;Ajedrezado - Ayuntamiento de Arnedillo - La Rioja\" \/>\n<meta property=\"og:description\" content=\"Les grottes de l&#039;Ajedrezado\u00a0sont un endroit d&#039;une grande valeur culturelle et historique de la vall\u00e9e du Cidacos. Situ\u00e9es sur la partie haute de la commune, sur une saillie naturelle de [&hellip;]\" \/>\n<meta property=\"og:url\" content=\"https:\/\/www.arnedillo.org\/fr\/patrimoine-culturel\/grottes-de-lajedrezado\/\" \/>\n<meta property=\"og:site_name\" content=\"Ayuntamiento de Arnedillo - La Rioja\" \/>\n<meta property=\"article:modified_time\" content=\"2023-09-26T08:53:04+00:00\" \/>\n<meta name=\"twitter:card\" content=\"summary_large_image\" \/>\n<meta name=\"twitter:label1\" content=\"Dur\u00e9e de lecture estim\u00e9e\" \/>\n\t<meta name=\"twitter:data1\" content=\"3 minutes\" \/>\n<script type=\"application\/ld+json\" class=\"yoast-schema-graph\">{\"@context\":\"https:\\\/\\\/schema.org\",\"@graph\":[{\"@type\":\"WebPage\",\"@id\":\"https:\\\/\\\/www.arnedillo.org\\\/fr\\\/patrimoine-culturel\\\/grottes-de-lajedrezado\\\/\",\"url\":\"https:\\\/\\\/www.arnedillo.org\\\/fr\\\/patrimoine-culturel\\\/grottes-de-lajedrezado\\\/\",\"name\":\"Grottes de l'Ajedrezado - Ayuntamiento de Arnedillo - La Rioja\",\"isPartOf\":{\"@id\":\"https:\\\/\\\/www.arnedillo.org\\\/fr\\\/#website\"},\"datePublished\":\"2023-05-25T08:33:41+00:00\",\"dateModified\":\"2023-09-26T08:53:04+00:00\",\"breadcrumb\":{\"@id\":\"https:\\\/\\\/www.arnedillo.org\\\/fr\\\/patrimoine-culturel\\\/grottes-de-lajedrezado\\\/#breadcrumb\"},\"inLanguage\":\"fr-FR\",\"potentialAction\":[{\"@type\":\"ReadAction\",\"target\":[\"https:\\\/\\\/www.arnedillo.org\\\/fr\\\/patrimoine-culturel\\\/grottes-de-lajedrezado\\\/\"]}]},{\"@type\":\"BreadcrumbList\",\"@id\":\"https:\\\/\\\/www.arnedillo.org\\\/fr\\\/patrimoine-culturel\\\/grottes-de-lajedrezado\\\/#breadcrumb\",\"itemListElement\":[{\"@type\":\"ListItem\",\"position\":1,\"name\":\"Portada\",\"item\":\"https:\\\/\\\/www.arnedillo.org\\\/fr\\\/\"},{\"@type\":\"ListItem\",\"position\":2,\"name\":\"Grottes de l&rsquo;Ajedrezado\"}]},{\"@type\":\"WebSite\",\"@id\":\"https:\\\/\\\/www.arnedillo.org\\\/fr\\\/#website\",\"url\":\"https:\\\/\\\/www.arnedillo.org\\\/fr\\\/\",\"name\":\"Ayuntamiento de Arnedillo - La Rioja\",\"description\":\"\",\"publisher\":{\"@id\":\"https:\\\/\\\/www.arnedillo.org\\\/fr\\\/#organization\"},\"potentialAction\":[{\"@type\":\"SearchAction\",\"target\":{\"@type\":\"EntryPoint\",\"urlTemplate\":\"https:\\\/\\\/www.arnedillo.org\\\/fr\\\/?s={search_term_string}\"},\"query-input\":{\"@type\":\"PropertyValueSpecification\",\"valueRequired\":true,\"valueName\":\"search_term_string\"}}],\"inLanguage\":\"fr-FR\"},{\"@type\":\"Organization\",\"@id\":\"https:\\\/\\\/www.arnedillo.org\\\/fr\\\/#organization\",\"name\":\"Ayuntamiento de Arnedillo - La Rioja\",\"url\":\"https:\\\/\\\/www.arnedillo.org\\\/fr\\\/\",\"logo\":{\"@type\":\"ImageObject\",\"inLanguage\":\"fr-FR\",\"@id\":\"https:\\\/\\\/www.arnedillo.org\\\/fr\\\/#\\\/schema\\\/logo\\\/image\\\/\",\"url\":\"https:\\\/\\\/www.arnedillo.org\\\/wp-content\\\/uploads\\\/2023\\\/04\\\/logo.svg\",\"contentUrl\":\"https:\\\/\\\/www.arnedillo.org\\\/wp-content\\\/uploads\\\/2023\\\/04\\\/logo.svg\",\"width\":100,\"height\":100,\"caption\":\"Ayuntamiento de Arnedillo - La Rioja\"},\"image\":{\"@id\":\"https:\\\/\\\/www.arnedillo.org\\\/fr\\\/#\\\/schema\\\/logo\\\/image\\\/\"}}]}<\/script>\n<!-- \/ Yoast SEO plugin. -->","yoast_head_json":{"title":"Grottes de l'Ajedrezado - Ayuntamiento de Arnedillo - La Rioja","robots":{"index":"index","follow":"follow","max-snippet":"max-snippet:-1","max-image-preview":"max-image-preview:large","max-video-preview":"max-video-preview:-1"},"canonical":"https:\/\/www.arnedillo.org\/fr\/patrimoine-culturel\/grottes-de-lajedrezado\/","og_locale":"fr_FR","og_type":"article","og_title":"Grottes de l'Ajedrezado - Ayuntamiento de Arnedillo - La Rioja","og_description":"Les grottes de l'Ajedrezado\u00a0sont un endroit d'une grande valeur culturelle et historique de la vall\u00e9e du Cidacos. Situ\u00e9es sur la partie haute de la commune, sur une saillie naturelle de [&hellip;]","og_url":"https:\/\/www.arnedillo.org\/fr\/patrimoine-culturel\/grottes-de-lajedrezado\/","og_site_name":"Ayuntamiento de Arnedillo - La Rioja","article_modified_time":"2023-09-26T08:53:04+00:00","twitter_card":"summary_large_image","twitter_misc":{"Dur\u00e9e de lecture estim\u00e9e":"3 minutes"},"schema":{"@context":"https:\/\/schema.org","@graph":[{"@type":"WebPage","@id":"https:\/\/www.arnedillo.org\/fr\/patrimoine-culturel\/grottes-de-lajedrezado\/","url":"https:\/\/www.arnedillo.org\/fr\/patrimoine-culturel\/grottes-de-lajedrezado\/","name":"Grottes de l'Ajedrezado - Ayuntamiento de Arnedillo - La Rioja","isPartOf":{"@id":"https:\/\/www.arnedillo.org\/fr\/#website"},"datePublished":"2023-05-25T08:33:41+00:00","dateModified":"2023-09-26T08:53:04+00:00","breadcrumb":{"@id":"https:\/\/www.arnedillo.org\/fr\/patrimoine-culturel\/grottes-de-lajedrezado\/#breadcrumb"},"inLanguage":"fr-FR","potentialAction":[{"@type":"ReadAction","target":["https:\/\/www.arnedillo.org\/fr\/patrimoine-culturel\/grottes-de-lajedrezado\/"]}]},{"@type":"BreadcrumbList","@id":"https:\/\/www.arnedillo.org\/fr\/patrimoine-culturel\/grottes-de-lajedrezado\/#breadcrumb","itemListElement":[{"@type":"ListItem","position":1,"name":"Portada","item":"https:\/\/www.arnedillo.org\/fr\/"},{"@type":"ListItem","position":2,"name":"Grottes de l&rsquo;Ajedrezado"}]},{"@type":"WebSite","@id":"https:\/\/www.arnedillo.org\/fr\/#website","url":"https:\/\/www.arnedillo.org\/fr\/","name":"Ayuntamiento de Arnedillo - La Rioja","description":"","publisher":{"@id":"https:\/\/www.arnedillo.org\/fr\/#organization"},"potentialAction":[{"@type":"SearchAction","target":{"@type":"EntryPoint","urlTemplate":"https:\/\/www.arnedillo.org\/fr\/?s={search_term_string}"},"query-input":{"@type":"PropertyValueSpecification","valueRequired":true,"valueName":"search_term_string"}}],"inLanguage":"fr-FR"},{"@type":"Organization","@id":"https:\/\/www.arnedillo.org\/fr\/#organization","name":"Ayuntamiento de Arnedillo - La Rioja","url":"https:\/\/www.arnedillo.org\/fr\/","logo":{"@type":"ImageObject","inLanguage":"fr-FR","@id":"https:\/\/www.arnedillo.org\/fr\/#\/schema\/logo\/image\/","url":"https:\/\/www.arnedillo.org\/wp-content\/uploads\/2023\/04\/logo.svg","contentUrl":"https:\/\/www.arnedillo.org\/wp-content\/uploads\/2023\/04\/logo.svg","width":100,"height":100,"caption":"Ayuntamiento de Arnedillo - La Rioja"},"image":{"@id":"https:\/\/www.arnedillo.org\/fr\/#\/schema\/logo\/image\/"}}]}},"_links":{"self":[{"href":"https:\/\/www.arnedillo.org\/fr\/wp-json\/wp\/v2\/pages\/1284","targetHints":{"allow":["GET"]}}],"collection":[{"href":"https:\/\/www.arnedillo.org\/fr\/wp-json\/wp\/v2\/pages"}],"about":[{"href":"https:\/\/www.arnedillo.org\/fr\/wp-json\/wp\/v2\/types\/page"}],"author":[{"embeddable":true,"href":"https:\/\/www.arnedillo.org\/fr\/wp-json\/wp\/v2\/users\/1"}],"replies":[{"embeddable":true,"href":"https:\/\/www.arnedillo.org\/fr\/wp-json\/wp\/v2\/comments?post=1284"}],"version-history":[{"count":4,"href":"https:\/\/www.arnedillo.org\/fr\/wp-json\/wp\/v2\/pages\/1284\/revisions"}],"predecessor-version":[{"id":1288,"href":"https:\/\/www.arnedillo.org\/fr\/wp-json\/wp\/v2\/pages\/1284\/revisions\/1288"}],"up":[{"embeddable":true,"href":"https:\/\/www.arnedillo.org\/fr\/wp-json\/wp\/v2\/pages\/1302"}],"wp:attachment":[{"href":"https:\/\/www.arnedillo.org\/fr\/wp-json\/wp\/v2\/media?parent=1284"}],"curies":[{"name":"wp","href":"https:\/\/api.w.org\/{rel}","templated":true}]}}