{"id":1296,"date":"2023-05-25T08:40:41","date_gmt":"2023-05-25T08:40:41","guid":{"rendered":"https:\/\/www.arnedillo.org\/autres-endroits-interessants\/"},"modified":"2023-09-26T09:05:44","modified_gmt":"2023-09-26T09:05:44","slug":"autres-endroits-interessants","status":"publish","type":"page","link":"https:\/\/www.arnedillo.org\/fr\/patrimoine-culturel\/autres-endroits-interessants\/","title":{"rendered":"Autres endroits int\u00e9ressants"},"content":{"rendered":"<p>[et_pb_section fb_built=\u00a0\u00bb1&Prime; _builder_version=\u00a0\u00bb4.21.0&Prime; _module_preset=\u00a0\u00bbdefault\u00a0\u00bb background_color=\u00a0\u00bbrgba(0,0,0,0.25)\u00a0\u00bb background_image=\u00a0\u00bbhttps:\/\/www.arnedillo.org\/wp-content\/uploads\/2023\/05\/23_Arnedillo_otros.jpg\u00a0\u00bb background_blend=\u00a0\u00bbmultiply\u00a0\u00bb custom_padding=\u00a0\u00bb60px||60px||false|false\u00a0\u00bb global_colors_info=\u00a0\u00bb{}\u00a0\u00bb][et_pb_row _builder_version=\u00a0\u00bb4.21.0&Prime; _module_preset=\u00a0\u00bbdefault\u00a0\u00bb global_colors_info=\u00a0\u00bb{}\u00a0\u00bb][et_pb_column type=\u00a0\u00bb4_4&Prime; _builder_version=\u00a0\u00bb4.21.0&Prime; _module_preset=\u00a0\u00bbdefault\u00a0\u00bb global_colors_info=\u00a0\u00bb{}\u00a0\u00bb][et_pb_post_title _builder_version=\u00a0\u00bb4.21.0&Prime; _module_preset=\u00a0\u00bbdefault\u00a0\u00bb global_colors_info=\u00a0\u00bb{}\u00a0\u00bb][\/et_pb_post_title][\/et_pb_column][\/et_pb_row][\/et_pb_section][et_pb_section fb_built=\u00a0\u00bb1&Prime; _builder_version=\u00a0\u00bb4.21.0&Prime; _module_preset=\u00a0\u00bbdefault\u00a0\u00bb global_colors_info=\u00a0\u00bb{}\u00a0\u00bb][et_pb_row column_structure=\u00a0\u00bb1_2,1_2&Prime; _builder_version=\u00a0\u00bb4.21.0&Prime; _module_preset=\u00a0\u00bbdefault\u00a0\u00bb global_colors_info=\u00a0\u00bb{}\u00a0\u00bb][et_pb_column type=\u00a0\u00bb1_2&Prime; _builder_version=\u00a0\u00bb4.21.0&Prime; _module_preset=\u00a0\u00bbdefault\u00a0\u00bb global_colors_info=\u00a0\u00bb{}\u00a0\u00bb][et_pb_text _builder_version=\u00a0\u00bb4.21.0&Prime; _module_preset=\u00a0\u00bb9673d2ae-fa11-4a13-8e29-53d12292c770&Prime; hover_enabled=\u00a0\u00bb0&Prime; global_colors_info=\u00a0\u00bb{}\u00a0\u00bb sticky_enabled=\u00a0\u00bb0&Prime;]<\/p>\n<h2>Pont<\/h2>\n<p>[\/et_pb_text][et_pb_text _builder_version=\u00a0\u00bb4.21.0&Prime; _module_preset=\u00a0\u00bbdefault\u00a0\u00bb hover_enabled=\u00a0\u00bb0&Prime; global_colors_info=\u00a0\u00bb{}\u00a0\u00bb sticky_enabled=\u00a0\u00bb0&Prime;]<\/p>\n<p>Ce pont est le passage vers le cimeti\u00e8re d&rsquo;Arnedillo. C&rsquo;est un pont de grande qualit\u00e9, fait en majorit\u00e9 en tuf de pierre de taille, joints et ma\u00e7onnerie. Il a \u00e9t\u00e9 construit au XVII<sup>e<\/sup> si\u00e8cle et a \u00e9t\u00e9 r\u00e9par\u00e9 plusieurs fois.<\/p>\n<p>[\/et_pb_text][\/et_pb_column][et_pb_column type=\u00a0\u00bb1_2&Prime; _builder_version=\u00a0\u00bb4.21.0&Prime; _module_preset=\u00a0\u00bbdefault\u00a0\u00bb global_colors_info=\u00a0\u00bb{}\u00a0\u00bb][et_pb_image src=\u00a0\u00bbhttps:\/\/www.arnedillo.org\/wp-content\/uploads\/2023\/05\/19_Arnedillo_otros.jpg\u00a0\u00bb title_text=\u00a0\u00bb19_Arnedillo_otros\u00a0\u00bb show_in_lightbox=\u00a0\u00bbon\u00a0\u00bb _builder_version=\u00a0\u00bb4.21.0&Prime; _module_preset=\u00a0\u00bbdefault\u00a0\u00bb global_colors_info=\u00a0\u00bb{}\u00a0\u00bb][\/et_pb_image][\/et_pb_column][\/et_pb_row][\/et_pb_section][et_pb_section fb_built=\u00a0\u00bb1&Prime; _builder_version=\u00a0\u00bb4.21.0&Prime; _module_preset=\u00a0\u00bbdefault\u00a0\u00bb background_color=\u00a0\u00bbrgba(234,234,234,0.5)\u00a0\u00bb global_colors_info=\u00a0\u00bb{}\u00a0\u00bb][et_pb_row _builder_version=\u00a0\u00bb4.21.0&Prime; _module_preset=\u00a0\u00bbdefault\u00a0\u00bb global_colors_info=\u00a0\u00bb{}\u00a0\u00bb][et_pb_column type=\u00a0\u00bb4_4&Prime; _builder_version=\u00a0\u00bb4.21.0&Prime; _module_preset=\u00a0\u00bbdefault\u00a0\u00bb global_colors_info=\u00a0\u00bb{}\u00a0\u00bb][et_pb_text _builder_version=\u00a0\u00bb4.21.0&Prime; _module_preset=\u00a0\u00bb9673d2ae-fa11-4a13-8e29-53d12292c770&Prime; global_colors_info=\u00a0\u00bb{}\u00a0\u00bb]<\/p>\n<h2>Blasons h\u00e9raldiques<\/h2>\n<p>[\/et_pb_text][\/et_pb_column][\/et_pb_row][et_pb_row column_structure=\u00a0\u00bb1_3,1_3,1_3&Prime; _builder_version=\u00a0\u00bb4.21.0&Prime; _module_preset=\u00a0\u00bbdefault\u00a0\u00bb global_colors_info=\u00a0\u00bb{}\u00a0\u00bb][et_pb_column type=\u00a0\u00bb1_3&Prime; _builder_version=\u00a0\u00bb4.21.0&Prime; _module_preset=\u00a0\u00bbdefault\u00a0\u00bb global_colors_info=\u00a0\u00bb{}\u00a0\u00bb][et_pb_image src=\u00a0\u00bbhttps:\/\/www.arnedillo.org\/wp-content\/uploads\/2023\/05\/escudos_1.jpg\u00a0\u00bb title_text=\u00a0\u00bbescudos_1&Prime; show_in_lightbox=\u00a0\u00bbon\u00a0\u00bb align=\u00a0\u00bbcenter\u00a0\u00bb _builder_version=\u00a0\u00bb4.21.0&Prime; _module_preset=\u00a0\u00bbdefault\u00a0\u00bb global_colors_info=\u00a0\u00bb{}\u00a0\u00bb][\/et_pb_image][et_pb_text _builder_version=\u00a0\u00bb4.21.0&Prime; _module_preset=\u00a0\u00bbdefault\u00a0\u00bb global_colors_info=\u00a0\u00bb{}\u00a0\u00bb]<\/p>\n<p>Baroque (XVII<sup>e<\/sup> si\u00e8cle) des \u00cd\u00f1iguez et Arnedo dans la rue Somovilla.<\/p>\n<p>[\/et_pb_text][\/et_pb_column][et_pb_column type=\u00a0\u00bb1_3&Prime; _builder_version=\u00a0\u00bb4.21.0&Prime; _module_preset=\u00a0\u00bbdefault\u00a0\u00bb global_colors_info=\u00a0\u00bb{}\u00a0\u00bb][et_pb_image src=\u00a0\u00bbhttps:\/\/www.arnedillo.org\/wp-content\/uploads\/2023\/05\/escudos_2.jpg\u00a0\u00bb title_text=\u00a0\u00bbescudos_2&Prime; show_in_lightbox=\u00a0\u00bbon\u00a0\u00bb align=\u00a0\u00bbcenter\u00a0\u00bb _builder_version=\u00a0\u00bb4.21.0&Prime; _module_preset=\u00a0\u00bbdefault\u00a0\u00bb global_colors_info=\u00a0\u00bb{}\u00a0\u00bb][\/et_pb_image][et_pb_text _builder_version=\u00a0\u00bb4.21.0&Prime; _module_preset=\u00a0\u00bbdefault\u00a0\u00bb global_colors_info=\u00a0\u00bb{}\u00a0\u00bb]<\/p>\n<p>Rococo des Gonz\u00e1lez (1760) sur la Place F\u00e9lix Merino.<\/p>\n<p>[\/et_pb_text][\/et_pb_column][et_pb_column type=\u00a0\u00bb1_3&Prime; _builder_version=\u00a0\u00bb4.21.0&Prime; _module_preset=\u00a0\u00bbdefault\u00a0\u00bb global_colors_info=\u00a0\u00bb{}\u00a0\u00bb][et_pb_image src=\u00a0\u00bbhttps:\/\/www.arnedillo.org\/wp-content\/uploads\/2023\/05\/escudos_3.jpg\u00a0\u00bb title_text=\u00a0\u00bbescudos_3&Prime; show_in_lightbox=\u00a0\u00bbon\u00a0\u00bb align=\u00a0\u00bbcenter\u00a0\u00bb _builder_version=\u00a0\u00bb4.21.0&Prime; _module_preset=\u00a0\u00bbdefault\u00a0\u00bb global_colors_info=\u00a0\u00bb{}\u00a0\u00bb][\/et_pb_image][et_pb_text _builder_version=\u00a0\u00bb4.21.0&Prime; _module_preset=\u00a0\u00bbdefault\u00a0\u00bb global_colors_info=\u00a0\u00bb{}\u00a0\u00bb]<\/p>\n<p>Barroque des \u00cd\u00f1iguez et Gonz\u00e1lez dans la rue del Medio.<\/p>\n<p>[\/et_pb_text][\/et_pb_column][\/et_pb_row][\/et_pb_section][et_pb_section fb_built=\u00a0\u00bb1&Prime; _builder_version=\u00a0\u00bb4.21.0&Prime; _module_preset=\u00a0\u00bbdefault\u00a0\u00bb global_colors_info=\u00a0\u00bb{}\u00a0\u00bb][et_pb_row column_structure=\u00a0\u00bb1_2,1_2&Prime; _builder_version=\u00a0\u00bb4.21.0&Prime; _module_preset=\u00a0\u00bbdefault\u00a0\u00bb global_colors_info=\u00a0\u00bb{}\u00a0\u00bb][et_pb_column type=\u00a0\u00bb1_2&Prime; _builder_version=\u00a0\u00bb4.21.0&Prime; _module_preset=\u00a0\u00bbdefault\u00a0\u00bb global_colors_info=\u00a0\u00bb{}\u00a0\u00bb][et_pb_text _builder_version=\u00a0\u00bb4.21.0&Prime; _module_preset=\u00a0\u00bb9673d2ae-fa11-4a13-8e29-53d12292c770&Prime; global_colors_info=\u00a0\u00bb{}\u00a0\u00bb]<\/p>\n<h2>N\u00e9vi\u00e8re<\/h2>\n<p>[\/et_pb_text][et_pb_text _builder_version=\u00a0\u00bb4.21.0&Prime; _module_preset=\u00a0\u00bbdefault\u00a0\u00bb global_colors_info=\u00a0\u00bb{}\u00a0\u00bb]<\/p>\n<p>Situ\u00e9 aux abords d&rsquo;Arnedillo, ce qui indique son caract\u00e8re municipal, c&rsquo;est une construction m\u00e9di\u00e9vale en pierre avec un orifice d&rsquo;entr\u00e9e et de sortie et dans laquelle on stockait et conservait la neige de l&rsquo;hiver pour l&rsquo;utiliser l&rsquo;\u00e9t\u00e9.<\/p>\n<p>[\/et_pb_text][\/et_pb_column][et_pb_column type=\u00a0\u00bb1_2&Prime; _builder_version=\u00a0\u00bb4.21.0&Prime; _module_preset=\u00a0\u00bbdefault\u00a0\u00bb global_colors_info=\u00a0\u00bb{}\u00a0\u00bb][et_pb_image src=\u00a0\u00bbhttps:\/\/www.arnedillo.org\/wp-content\/uploads\/2023\/05\/20_Arnedillo_otros.jpg\u00a0\u00bb title_text=\u00a0\u00bb20_Arnedillo_otros\u00a0\u00bb show_in_lightbox=\u00a0\u00bbon\u00a0\u00bb _builder_version=\u00a0\u00bb4.21.0&Prime; _module_preset=\u00a0\u00bbdefault\u00a0\u00bb global_colors_info=\u00a0\u00bb{}\u00a0\u00bb][\/et_pb_image][\/et_pb_column][\/et_pb_row][\/et_pb_section][et_pb_section fb_built=\u00a0\u00bb1&Prime; _builder_version=\u00a0\u00bb4.21.0&Prime; _module_preset=\u00a0\u00bbdefault\u00a0\u00bb background_color=\u00a0\u00bbrgba(234,234,234,0.5)\u00a0\u00bb global_colors_info=\u00a0\u00bb{}\u00a0\u00bb][et_pb_row column_structure=\u00a0\u00bb1_2,1_2&Prime; _builder_version=\u00a0\u00bb4.21.0&Prime; _module_preset=\u00a0\u00bbdefault\u00a0\u00bb global_colors_info=\u00a0\u00bb{}\u00a0\u00bb][et_pb_column type=\u00a0\u00bb1_2&Prime; _builder_version=\u00a0\u00bb4.21.0&Prime; _module_preset=\u00a0\u00bbdefault\u00a0\u00bb global_colors_info=\u00a0\u00bb{}\u00a0\u00bb][et_pb_text _builder_version=\u00a0\u00bb4.21.0&Prime; _module_preset=\u00a0\u00bb9673d2ae-fa11-4a13-8e29-53d12292c770&Prime; global_colors_info=\u00a0\u00bb{}\u00a0\u00bb]<\/p>\n<h2>Pressoir d&rsquo;huile<\/h2>\n<p>[\/et_pb_text][et_pb_text _builder_version=\u00a0\u00bb4.21.0&Prime; _module_preset=\u00a0\u00bbdefault\u00a0\u00bb global_colors_info=\u00a0\u00bb{}\u00a0\u00bb]<\/p>\n<p>Date du XIX<sup>e<\/sup> si\u00e8cle. De nos jours, on peut observer l&rsquo;ancien m\u00e9canisme gr\u00e2ce auquel l&rsquo;huile \u00e9tait \u00e9labor\u00e9e.<\/p>\n<p>[\/et_pb_text][\/et_pb_column][et_pb_column type=\u00a0\u00bb1_2&Prime; _builder_version=\u00a0\u00bb4.21.0&Prime; _module_preset=\u00a0\u00bbdefault\u00a0\u00bb global_colors_info=\u00a0\u00bb{}\u00a0\u00bb][et_pb_image src=\u00a0\u00bbhttps:\/\/www.arnedillo.org\/wp-content\/uploads\/2023\/05\/21_Arnedillo_otros.jpg\u00a0\u00bb title_text=\u00a0\u00bb21_Arnedillo_otros\u00a0\u00bb show_in_lightbox=\u00a0\u00bbon\u00a0\u00bb _builder_version=\u00a0\u00bb4.21.0&Prime; _module_preset=\u00a0\u00bbdefault\u00a0\u00bb global_colors_info=\u00a0\u00bb{}\u00a0\u00bb][\/et_pb_image][\/et_pb_column][\/et_pb_row][\/et_pb_section][et_pb_section fb_built=\u00a0\u00bb1&Prime; _builder_version=\u00a0\u00bb4.21.0&Prime; _module_preset=\u00a0\u00bbdefault\u00a0\u00bb global_colors_info=\u00a0\u00bb{}\u00a0\u00bb][et_pb_row column_structure=\u00a0\u00bb1_2,1_2&Prime; _builder_version=\u00a0\u00bb4.21.0&Prime; _module_preset=\u00a0\u00bbdefault\u00a0\u00bb global_colors_info=\u00a0\u00bb{}\u00a0\u00bb][et_pb_column type=\u00a0\u00bb1_2&Prime; _builder_version=\u00a0\u00bb4.21.0&Prime; _module_preset=\u00a0\u00bbdefault\u00a0\u00bb global_colors_info=\u00a0\u00bb{}\u00a0\u00bb][et_pb_text _builder_version=\u00a0\u00bb4.21.0&Prime; _module_preset=\u00a0\u00bb9673d2ae-fa11-4a13-8e29-53d12292c770&Prime; global_colors_info=\u00a0\u00bb{}\u00a0\u00bb]<\/p>\n<h2>Lavoir, Bassin et Fontaine\u00e0 quatre jets<\/h2>\n<p>[\/et_pb_text][et_pb_text _builder_version=\u00a0\u00bb4.21.0&Prime; _module_preset=\u00a0\u00bbdefault\u00a0\u00bb global_colors_info=\u00a0\u00bb{}\u00a0\u00bb]<\/p>\n<p>Le lavoir et la fontaine \u00e0 quatre jets qui s&rsquo;\u00e9coule dans le bassin se trouvent sur la place de la ville, au coin de la rue Amancio Gonz\u00e1lez.<\/p>\n<p>[\/et_pb_text][\/et_pb_column][et_pb_column type=\u00a0\u00bb1_2&Prime; _builder_version=\u00a0\u00bb4.21.0&Prime; _module_preset=\u00a0\u00bbdefault\u00a0\u00bb global_colors_info=\u00a0\u00bb{}\u00a0\u00bb][et_pb_gallery gallery_ids=\u00a0\u00bb203,204&Prime; fullwidth=\u00a0\u00bbon\u00a0\u00bb _builder_version=\u00a0\u00bb4.21.0&Prime; _module_preset=\u00a0\u00bbdefault\u00a0\u00bb global_colors_info=\u00a0\u00bb{}\u00a0\u00bb][\/et_pb_gallery][\/et_pb_column][\/et_pb_row][\/et_pb_section][et_pb_section fb_built=\u00a0\u00bb1&Prime; _builder_version=\u00a0\u00bb4.21.0&Prime; _module_preset=\u00a0\u00bbdefault\u00a0\u00bb background_color=\u00a0\u00bbrgba(234,234,234,0.5)\u00a0\u00bb global_colors_info=\u00a0\u00bb{}\u00a0\u00bb][et_pb_row column_structure=\u00a0\u00bb1_2,1_2&Prime; _builder_version=\u00a0\u00bb4.21.0&Prime; _module_preset=\u00a0\u00bbdefault\u00a0\u00bb global_colors_info=\u00a0\u00bb{}\u00a0\u00bb][et_pb_column type=\u00a0\u00bb1_2&Prime; _builder_version=\u00a0\u00bb4.21.0&Prime; _module_preset=\u00a0\u00bbdefault\u00a0\u00bb global_colors_info=\u00a0\u00bb{}\u00a0\u00bb][et_pb_text _builder_version=\u00a0\u00bb4.21.0&Prime; _module_preset=\u00a0\u00bb9673d2ae-fa11-4a13-8e29-53d12292c770&Prime; global_colors_info=\u00a0\u00bb{}\u00a0\u00bb]<\/p>\n<h2>Fossiles<\/h2>\n<p>[\/et_pb_text][et_pb_text _builder_version=\u00a0\u00bb4.21.0&Prime; _module_preset=\u00a0\u00bbdefault\u00a0\u00bb global_colors_info=\u00a0\u00bb{}\u00a0\u00bb]<\/p>\n<p>Pendant le <a href=\"https:\/\/es.wikipedia.org\/wiki\/Cret%C3%A1cico_inferior\">Cr\u00e9tac\u00e9 inf\u00e9rieur<\/a>, la r\u00e9gion faisait partie d&rsquo;une plaine inond\u00e9e qui s&rsquo;ass\u00e9chait p\u00e9riodiquement, ce qui laissait des zones boueuses dans laquelle les traces des dinosaures restaient grav\u00e9es lors de leur passage. Avec le temps, les traces s\u00e9chaient et \u00e9taient recouvertes de nouveaux s\u00e9diments dont le poids poussait sur les couches inf\u00e9rieures, les solidifiant en roche au cours de millions d&rsquo;ann\u00e9es. L&rsquo;<a href=\"https:\/\/es.wikipedia.org\/wiki\/Erosi%C3%B3n\">\u00e9rosion<\/a> a us\u00e9 les couches sup\u00e9rieures, rendant visibles nombre de ces formations rocheuses et permettant d&rsquo;observer les <a href=\"https:\/\/es.wikipedia.org\/wiki\/Icnita\">fossiles<\/a>.<\/p>\n<p>Dans la commune se trouvent les sites arch\u00e9ologiques de Las Hoyas et La Mata, tous deux d\u00e9sign\u00e9s\u00a0<a href=\"https:\/\/es.wikipedia.org\/wiki\/Bien_de_Inter%C3%A9s_Cultural_(Espa%C3%B1a)\">Bien d&rsquo;Int\u00e9r\u00eat Culturel<\/a>\u00a0dans la cat\u00e9gorie\u00a0<a href=\"https:\/\/es.wikipedia.org\/wiki\/Sitio_Hist%C3%B3rico\">Site Historique<\/a>\u00a0depuis le 23 juin 2000.<\/p>\n<p>[\/et_pb_text][\/et_pb_column][et_pb_column type=\u00a0\u00bb1_2&Prime; _builder_version=\u00a0\u00bb4.21.0&Prime; _module_preset=\u00a0\u00bbdefault\u00a0\u00bb global_colors_info=\u00a0\u00bb{}\u00a0\u00bb][et_pb_image src=\u00a0\u00bbhttps:\/\/www.arnedillo.org\/wp-content\/uploads\/2023\/07\/yacimiento_lashoyas.jpg\u00a0\u00bb show_in_lightbox=\u00a0\u00bbon\u00a0\u00bb _builder_version=\u00a0\u00bb4.21.0&Prime; _module_preset=\u00a0\u00bbdefault\u00a0\u00bb global_colors_info=\u00a0\u00bb{}\u00a0\u00bb][\/et_pb_image][\/et_pb_column][\/et_pb_row][et_pb_row _builder_version=\u00a0\u00bb4.21.0&Prime; _module_preset=\u00a0\u00bbdefault\u00a0\u00bb global_colors_info=\u00a0\u00bb{}\u00a0\u00bb][et_pb_column type=\u00a0\u00bb4_4&Prime; _builder_version=\u00a0\u00bb4.21.0&Prime; _module_preset=\u00a0\u00bbdefault\u00a0\u00bb global_colors_info=\u00a0\u00bb{}\u00a0\u00bb][et_pb_text _builder_version=\u00a0\u00bb4.21.0&Prime; _module_preset=\u00a0\u00bbdefault\u00a0\u00bb global_colors_info=\u00a0\u00bb{}\u00a0\u00bb]<\/p>\n<p>&nbsp;<\/p>\n<p>Le premier se trouve pr\u00e8s d&rsquo;Arnedillo, pr\u00e8s du ravin Vadillo et l&rsquo;acc\u00e8s y est facile. Dedans, on peut observer dix empreintes isol\u00e9es de <a href=\"https:\/\/es.wikipedia.org\/wiki\/Dinosaurio\">dinosaures<\/a> probablement <a href=\"https:\/\/es.wikipedia.org\/wiki\/Carn%C3%ADvoro\">carnivores<\/a>. Parmi celles-ci, sept sont des empreintes de trois doigts et les trois autres sont des creux ronds. Les trois les mieux conserv\u00e9es peuvent \u00eatre une foul\u00e9e.<\/p>\n<p>Le deuxi\u00e8me site arch\u00e9ologique se trouve pr\u00e8s de <a href=\"https:\/\/es.wikipedia.org\/wiki\/Peroblasco\">Peroblasco<\/a>, sur le site dont il tient son nom et l&rsquo;acc\u00e8s y est facile. Il comprend dix-neuf empreintes de carnivore, peu profondes mais bien form\u00e9es, et quatre d&rsquo;entre elles forment une foul\u00e9e.<\/p>\n<p>[\/et_pb_text][\/et_pb_column][\/et_pb_row][\/et_pb_section][et_pb_section fb_built=\u00a0\u00bb1&Prime; _builder_version=\u00a0\u00bb4.21.0&Prime; _module_preset=\u00a0\u00bbdefault\u00a0\u00bb global_colors_info=\u00a0\u00bb{}\u00a0\u00bb][et_pb_row column_structure=\u00a0\u00bb1_2,1_2&Prime; _builder_version=\u00a0\u00bb4.21.0&Prime; _module_preset=\u00a0\u00bbdefault\u00a0\u00bb global_colors_info=\u00a0\u00bb{}\u00a0\u00bb][et_pb_column type=\u00a0\u00bb1_2&Prime; _builder_version=\u00a0\u00bb4.21.0&Prime; _module_preset=\u00a0\u00bbdefault\u00a0\u00bb global_colors_info=\u00a0\u00bb{}\u00a0\u00bb][et_pb_text _builder_version=\u00a0\u00bb4.21.0&Prime; _module_preset=\u00a0\u00bb9673d2ae-fa11-4a13-8e29-53d12292c770&Prime; global_colors_info=\u00a0\u00bb{}\u00a0\u00bb]<\/p>\n<h2>Centre d&rsquo;Interpr\u00e9tation et d&rsquo;Observation du vautour fauve \u00ab\u00a0El Mirador del Buitre\u00a0\u00bb<\/h2>\n<p>[\/et_pb_text][et_pb_text _builder_version=\u00a0\u00bb4.21.0&Prime; _module_preset=\u00a0\u00bbdefault\u00a0\u00bb global_colors_info=\u00a0\u00bb{}\u00a0\u00bb]<\/p>\n<p>Exposition compl\u00e8te sur le cycle de la vie du vautour fauve et point de vue \u00e0 l&rsquo;air libre d&rsquo;observation d&rsquo;oiseaux avec t\u00e9lescopes et jumelles.<\/p>\n<p>[\/et_pb_text][et_pb_button button_url=\u00a0\u00bbhttps:\/\/www.arnedillo.org\/turismo\/centro-de-interpretacion-y-observacion-del-buitre-leonado-el-mirador-del-buitre\/\u00a0\u00bb button_text=\u00a0\u00bbPlus d&#039;informations\u00a0\u00bb _builder_version=\u00a0\u00bb4.21.0&Prime; _module_preset=\u00a0\u00bbdefault\u00a0\u00bb global_colors_info=\u00a0\u00bb{}\u00a0\u00bb][\/et_pb_button][\/et_pb_column][et_pb_column type=\u00a0\u00bb1_2&Prime; _builder_version=\u00a0\u00bb4.21.0&Prime; _module_preset=\u00a0\u00bbdefault\u00a0\u00bb global_colors_info=\u00a0\u00bb{}\u00a0\u00bb][et_pb_gallery gallery_ids=\u00a0\u00bb561&Prime; fullwidth=\u00a0\u00bbon\u00a0\u00bb _builder_version=\u00a0\u00bb4.21.0&Prime; _module_preset=\u00a0\u00bbdefault\u00a0\u00bb global_colors_info=\u00a0\u00bb{}\u00a0\u00bb][\/et_pb_gallery][\/et_pb_column][\/et_pb_row][\/et_pb_section]<\/p>\n","protected":false},"excerpt":{"rendered":"<p>PontCe pont est le passage vers le cimeti\u00e8re d&rsquo;Arnedillo. C&rsquo;est un pont de grande qualit\u00e9, fait en majorit\u00e9 en tuf de pierre de taille, joints et ma\u00e7onnerie. Il a \u00e9t\u00e9 [&hellip;]<\/p>\n","protected":false},"author":1,"featured_media":0,"parent":1302,"menu_order":0,"comment_status":"closed","ping_status":"closed","template":"","meta":{"_et_pb_use_builder":"on","_et_pb_old_content":"","_et_gb_content_width":"","_monsterinsights_skip_tracking":false,"_monsterinsights_sitenote_active":false,"_monsterinsights_sitenote_note":"","_monsterinsights_sitenote_category":0,"footnotes":""},"class_list":["post-1296","page","type-page","status-publish","hentry"],"yoast_head":"<!-- This site is optimized with the Yoast SEO plugin v27.4 - https:\/\/yoast.com\/product\/yoast-seo-wordpress\/ -->\n<title>Autres endroits int\u00e9ressants - Ayuntamiento de Arnedillo - La Rioja<\/title>\n<meta name=\"robots\" content=\"index, follow, max-snippet:-1, max-image-preview:large, max-video-preview:-1\" \/>\n<link rel=\"canonical\" href=\"https:\/\/www.arnedillo.org\/fr\/patrimoine-culturel\/autres-endroits-interessants\/\" \/>\n<meta property=\"og:locale\" content=\"fr_FR\" \/>\n<meta property=\"og:type\" content=\"article\" \/>\n<meta property=\"og:title\" content=\"Autres endroits int\u00e9ressants - Ayuntamiento de Arnedillo - La Rioja\" \/>\n<meta property=\"og:description\" content=\"PontCe pont est le passage vers le cimeti\u00e8re d&#039;Arnedillo. C&#039;est un pont de grande qualit\u00e9, fait en majorit\u00e9 en tuf de pierre de taille, joints et ma\u00e7onnerie. Il a \u00e9t\u00e9 [&hellip;]\" \/>\n<meta property=\"og:url\" content=\"https:\/\/www.arnedillo.org\/fr\/patrimoine-culturel\/autres-endroits-interessants\/\" \/>\n<meta property=\"og:site_name\" content=\"Ayuntamiento de Arnedillo - La Rioja\" \/>\n<meta property=\"article:modified_time\" content=\"2023-09-26T09:05:44+00:00\" \/>\n<meta name=\"twitter:card\" content=\"summary_large_image\" \/>\n<meta name=\"twitter:label1\" content=\"Dur\u00e9e de lecture estim\u00e9e\" \/>\n\t<meta name=\"twitter:data1\" content=\"8 minutes\" \/>\n<script type=\"application\/ld+json\" class=\"yoast-schema-graph\">{\"@context\":\"https:\\\/\\\/schema.org\",\"@graph\":[{\"@type\":\"WebPage\",\"@id\":\"https:\\\/\\\/www.arnedillo.org\\\/fr\\\/patrimoine-culturel\\\/autres-endroits-interessants\\\/\",\"url\":\"https:\\\/\\\/www.arnedillo.org\\\/fr\\\/patrimoine-culturel\\\/autres-endroits-interessants\\\/\",\"name\":\"Autres endroits int\u00e9ressants - Ayuntamiento de Arnedillo - La Rioja\",\"isPartOf\":{\"@id\":\"https:\\\/\\\/www.arnedillo.org\\\/fr\\\/#website\"},\"datePublished\":\"2023-05-25T08:40:41+00:00\",\"dateModified\":\"2023-09-26T09:05:44+00:00\",\"breadcrumb\":{\"@id\":\"https:\\\/\\\/www.arnedillo.org\\\/fr\\\/patrimoine-culturel\\\/autres-endroits-interessants\\\/#breadcrumb\"},\"inLanguage\":\"fr-FR\",\"potentialAction\":[{\"@type\":\"ReadAction\",\"target\":[\"https:\\\/\\\/www.arnedillo.org\\\/fr\\\/patrimoine-culturel\\\/autres-endroits-interessants\\\/\"]}]},{\"@type\":\"BreadcrumbList\",\"@id\":\"https:\\\/\\\/www.arnedillo.org\\\/fr\\\/patrimoine-culturel\\\/autres-endroits-interessants\\\/#breadcrumb\",\"itemListElement\":[{\"@type\":\"ListItem\",\"position\":1,\"name\":\"Portada\",\"item\":\"https:\\\/\\\/www.arnedillo.org\\\/fr\\\/\"},{\"@type\":\"ListItem\",\"position\":2,\"name\":\"Autres endroits int\u00e9ressants\"}]},{\"@type\":\"WebSite\",\"@id\":\"https:\\\/\\\/www.arnedillo.org\\\/fr\\\/#website\",\"url\":\"https:\\\/\\\/www.arnedillo.org\\\/fr\\\/\",\"name\":\"Ayuntamiento de Arnedillo - La Rioja\",\"description\":\"\",\"publisher\":{\"@id\":\"https:\\\/\\\/www.arnedillo.org\\\/fr\\\/#organization\"},\"potentialAction\":[{\"@type\":\"SearchAction\",\"target\":{\"@type\":\"EntryPoint\",\"urlTemplate\":\"https:\\\/\\\/www.arnedillo.org\\\/fr\\\/?s={search_term_string}\"},\"query-input\":{\"@type\":\"PropertyValueSpecification\",\"valueRequired\":true,\"valueName\":\"search_term_string\"}}],\"inLanguage\":\"fr-FR\"},{\"@type\":\"Organization\",\"@id\":\"https:\\\/\\\/www.arnedillo.org\\\/fr\\\/#organization\",\"name\":\"Ayuntamiento de Arnedillo - La Rioja\",\"url\":\"https:\\\/\\\/www.arnedillo.org\\\/fr\\\/\",\"logo\":{\"@type\":\"ImageObject\",\"inLanguage\":\"fr-FR\",\"@id\":\"https:\\\/\\\/www.arnedillo.org\\\/fr\\\/#\\\/schema\\\/logo\\\/image\\\/\",\"url\":\"https:\\\/\\\/www.arnedillo.org\\\/wp-content\\\/uploads\\\/2023\\\/04\\\/logo.svg\",\"contentUrl\":\"https:\\\/\\\/www.arnedillo.org\\\/wp-content\\\/uploads\\\/2023\\\/04\\\/logo.svg\",\"width\":100,\"height\":100,\"caption\":\"Ayuntamiento de Arnedillo - La Rioja\"},\"image\":{\"@id\":\"https:\\\/\\\/www.arnedillo.org\\\/fr\\\/#\\\/schema\\\/logo\\\/image\\\/\"}}]}<\/script>\n<!-- \/ Yoast SEO plugin. -->","yoast_head_json":{"title":"Autres endroits int\u00e9ressants - Ayuntamiento de Arnedillo - La Rioja","robots":{"index":"index","follow":"follow","max-snippet":"max-snippet:-1","max-image-preview":"max-image-preview:large","max-video-preview":"max-video-preview:-1"},"canonical":"https:\/\/www.arnedillo.org\/fr\/patrimoine-culturel\/autres-endroits-interessants\/","og_locale":"fr_FR","og_type":"article","og_title":"Autres endroits int\u00e9ressants - Ayuntamiento de Arnedillo - La Rioja","og_description":"PontCe pont est le passage vers le cimeti\u00e8re d'Arnedillo. C'est un pont de grande qualit\u00e9, fait en majorit\u00e9 en tuf de pierre de taille, joints et ma\u00e7onnerie. Il a \u00e9t\u00e9 [&hellip;]","og_url":"https:\/\/www.arnedillo.org\/fr\/patrimoine-culturel\/autres-endroits-interessants\/","og_site_name":"Ayuntamiento de Arnedillo - La Rioja","article_modified_time":"2023-09-26T09:05:44+00:00","twitter_card":"summary_large_image","twitter_misc":{"Dur\u00e9e de lecture estim\u00e9e":"8 minutes"},"schema":{"@context":"https:\/\/schema.org","@graph":[{"@type":"WebPage","@id":"https:\/\/www.arnedillo.org\/fr\/patrimoine-culturel\/autres-endroits-interessants\/","url":"https:\/\/www.arnedillo.org\/fr\/patrimoine-culturel\/autres-endroits-interessants\/","name":"Autres endroits int\u00e9ressants - Ayuntamiento de Arnedillo - La Rioja","isPartOf":{"@id":"https:\/\/www.arnedillo.org\/fr\/#website"},"datePublished":"2023-05-25T08:40:41+00:00","dateModified":"2023-09-26T09:05:44+00:00","breadcrumb":{"@id":"https:\/\/www.arnedillo.org\/fr\/patrimoine-culturel\/autres-endroits-interessants\/#breadcrumb"},"inLanguage":"fr-FR","potentialAction":[{"@type":"ReadAction","target":["https:\/\/www.arnedillo.org\/fr\/patrimoine-culturel\/autres-endroits-interessants\/"]}]},{"@type":"BreadcrumbList","@id":"https:\/\/www.arnedillo.org\/fr\/patrimoine-culturel\/autres-endroits-interessants\/#breadcrumb","itemListElement":[{"@type":"ListItem","position":1,"name":"Portada","item":"https:\/\/www.arnedillo.org\/fr\/"},{"@type":"ListItem","position":2,"name":"Autres endroits int\u00e9ressants"}]},{"@type":"WebSite","@id":"https:\/\/www.arnedillo.org\/fr\/#website","url":"https:\/\/www.arnedillo.org\/fr\/","name":"Ayuntamiento de Arnedillo - La Rioja","description":"","publisher":{"@id":"https:\/\/www.arnedillo.org\/fr\/#organization"},"potentialAction":[{"@type":"SearchAction","target":{"@type":"EntryPoint","urlTemplate":"https:\/\/www.arnedillo.org\/fr\/?s={search_term_string}"},"query-input":{"@type":"PropertyValueSpecification","valueRequired":true,"valueName":"search_term_string"}}],"inLanguage":"fr-FR"},{"@type":"Organization","@id":"https:\/\/www.arnedillo.org\/fr\/#organization","name":"Ayuntamiento de Arnedillo - La Rioja","url":"https:\/\/www.arnedillo.org\/fr\/","logo":{"@type":"ImageObject","inLanguage":"fr-FR","@id":"https:\/\/www.arnedillo.org\/fr\/#\/schema\/logo\/image\/","url":"https:\/\/www.arnedillo.org\/wp-content\/uploads\/2023\/04\/logo.svg","contentUrl":"https:\/\/www.arnedillo.org\/wp-content\/uploads\/2023\/04\/logo.svg","width":100,"height":100,"caption":"Ayuntamiento de Arnedillo - La Rioja"},"image":{"@id":"https:\/\/www.arnedillo.org\/fr\/#\/schema\/logo\/image\/"}}]}},"_links":{"self":[{"href":"https:\/\/www.arnedillo.org\/fr\/wp-json\/wp\/v2\/pages\/1296","targetHints":{"allow":["GET"]}}],"collection":[{"href":"https:\/\/www.arnedillo.org\/fr\/wp-json\/wp\/v2\/pages"}],"about":[{"href":"https:\/\/www.arnedillo.org\/fr\/wp-json\/wp\/v2\/types\/page"}],"author":[{"embeddable":true,"href":"https:\/\/www.arnedillo.org\/fr\/wp-json\/wp\/v2\/users\/1"}],"replies":[{"embeddable":true,"href":"https:\/\/www.arnedillo.org\/fr\/wp-json\/wp\/v2\/comments?post=1296"}],"version-history":[{"count":4,"href":"https:\/\/www.arnedillo.org\/fr\/wp-json\/wp\/v2\/pages\/1296\/revisions"}],"predecessor-version":[{"id":1300,"href":"https:\/\/www.arnedillo.org\/fr\/wp-json\/wp\/v2\/pages\/1296\/revisions\/1300"}],"up":[{"embeddable":true,"href":"https:\/\/www.arnedillo.org\/fr\/wp-json\/wp\/v2\/pages\/1302"}],"wp:attachment":[{"href":"https:\/\/www.arnedillo.org\/fr\/wp-json\/wp\/v2\/media?parent=1296"}],"curies":[{"name":"wp","href":"https:\/\/api.w.org\/{rel}","templated":true}]}}